{"id":22,"date":"2022-10-17T17:50:57","date_gmt":"2022-10-17T15:50:57","guid":{"rendered":"https:\/\/cardinalmassaja.it\/massaja\/?page_id=22"},"modified":"2023-03-06T16:10:07","modified_gmt":"2023-03-06T15:10:07","slug":"abuna-messias","status":"publish","type":"page","link":"https:\/\/cardinalmassaja.it\/massaja\/abuna-messias\/","title":{"rendered":"\u201cAbuna Messias\u201d"},"content":{"rendered":"<p>[et_pb_section fb_built=&#8221;1&#8243; _builder_version=&#8221;4.19.4&#8243; _module_preset=&#8221;default&#8221; background_image=&#8221;https:\/\/cardinalmassaja.it\/massaja\/wp-content\/uploads\/2023\/01\/sfondo-pagine.jpg&#8221; background_size=&#8221;contain&#8221; background_repeat=&#8221;repeat&#8221; global_colors_info=&#8221;{}&#8221;][et_pb_row _builder_version=&#8221;4.18.0&#8243; _module_preset=&#8221;default&#8221; global_colors_info=&#8221;{}&#8221;][et_pb_column type=&#8221;4_4&#8243; _builder_version=&#8221;4.18.0&#8243; _module_preset=&#8221;default&#8221; global_colors_info=&#8221;{}&#8221;][et_pb_text _builder_version=&#8221;4.18.0&#8243; _module_preset=&#8221;default&#8221; global_colors_info=&#8221;{}&#8221;]<\/p>\n<p><strong>&#8220;Abuna Messias&#8221;<\/strong><\/p>\n<p><img loading=\"lazy\" decoding=\"async\" src=\"http:\/\/www.cardinalmassaja.it\/massaja\/upload\/immagini\/abuna_messias.jpg\" title=\"abuna_messias\" alt=\"abuna_messias\" width=\"225\" height=\"319\" align=\"right\" \/>Autentico kolossal della cinematografia fascista, tramuta la storia della missione etiope del cardinal Massaja in una sorta di \u201cmanifesto\u201d dell\u2019italianit\u00e0 e del regime in carica. Non a caso vince la Coppa Mussolini alla Mostra dell\u2019Arte cinematografica di Venezia nel 1939.<br \/>Nel film si ripercorrono le gesta del cardinal Massaja in Etiopia, aggiungendo alla vita reale del protagonista aneddoti legati alle istituzioni della monarchia locale.<br \/>Il film riserva una sorpresa di stile e contenuto che occorre riconoscere al regista Alessadrini: la figura del Massaja non \u00e8 intrisa della retorica di propaganda che riguarda altri co-protagonisti del film.<\/p>\n<p><strong>Cast tecnico<\/strong><br \/><em>Regia:<\/em> Goffredo Alessandrini.<br \/><em>Soggetto e sceneggiatura:<\/em> Luigi Bernardi,<br \/>Vittorio Cottafavi, Cesare Ludovici, Domenico Meccoli, Callisto V. Vanzin.<\/p>\n<p><strong>Cast artistico<\/strong><br \/>Camillo Pilotto, Enrico Glori, Mario Ferrari, Amedeo Trilli, Berch\u00e8 Zait\u00f9 Tacl\u00e8, Ippolito Silvestri.<\/p>\n<p><strong>Produzione<\/strong><br \/>1939<\/p>\n<p>[\/et_pb_text][et_pb_video src=&#8221;https:\/\/www.youtube.com\/watch?v=n7e23I8Bg_4&#8243; _builder_version=&#8221;4.18.0&#8243; _module_preset=&#8221;default&#8221; hover_enabled=&#8221;0&#8243; global_colors_info=&#8221;{}&#8221; sticky_enabled=&#8221;0&#8243; disabled_on=&#8221;on|on|on&#8221; disabled=&#8221;on&#8221;][\/et_pb_video][\/et_pb_column][\/et_pb_row][\/et_pb_section]<\/p>\n","protected":false},"excerpt":{"rendered":"<p>&#8220;Abuna Messias&#8221; Autentico kolossal della cinematografia fascista, tramuta la storia della missione etiope del cardinal Massaja in una sorta di \u201cmanifesto\u201d dell\u2019italianit\u00e0 e del regime in carica. Non a caso vince la Coppa Mussolini alla Mostra dell\u2019Arte cinematografica di Venezia nel 1939.Nel film si ripercorrono le gesta del cardinal Massaja in Etiopia, aggiungendo alla vita [&hellip;]<\/p>\n","protected":false},"author":1,"featured_media":0,"parent":0,"menu_order":0,"comment_status":"closed","ping_status":"closed","template":"","meta":{"_et_pb_use_builder":"on","_et_pb_old_content":"<!-- wp:divi\/placeholder \/-->","_et_gb_content_width":"","footnotes":""},"class_list":["post-22","page","type-page","status-publish","hentry"],"_links":{"self":[{"href":"https:\/\/cardinalmassaja.it\/massaja\/wp-json\/wp\/v2\/pages\/22","targetHints":{"allow":["GET"]}}],"collection":[{"href":"https:\/\/cardinalmassaja.it\/massaja\/wp-json\/wp\/v2\/pages"}],"about":[{"href":"https:\/\/cardinalmassaja.it\/massaja\/wp-json\/wp\/v2\/types\/page"}],"author":[{"embeddable":true,"href":"https:\/\/cardinalmassaja.it\/massaja\/wp-json\/wp\/v2\/users\/1"}],"replies":[{"embeddable":true,"href":"https:\/\/cardinalmassaja.it\/massaja\/wp-json\/wp\/v2\/comments?post=22"}],"version-history":[{"count":11,"href":"https:\/\/cardinalmassaja.it\/massaja\/wp-json\/wp\/v2\/pages\/22\/revisions"}],"predecessor-version":[{"id":869,"href":"https:\/\/cardinalmassaja.it\/massaja\/wp-json\/wp\/v2\/pages\/22\/revisions\/869"}],"wp:attachment":[{"href":"https:\/\/cardinalmassaja.it\/massaja\/wp-json\/wp\/v2\/media?parent=22"}],"curies":[{"name":"wp","href":"https:\/\/api.w.org\/{rel}","templated":true}]}}